{"id":26,"date":"2020-11-11T16:21:24","date_gmt":"2020-11-11T15:21:24","guid":{"rendered":"http:\/\/villa-isula.com\/?page_id=26"},"modified":"2023-01-08T16:49:01","modified_gmt":"2023-01-08T15:49:01","slug":"blog","status":"publish","type":"page","link":"https:\/\/villa-isula.com\/index.php\/blog\/","title":{"rendered":"Disponibilit\u00e9 \u00e0 la location et tarifs"},"content":{"rendered":"\n<p>Le tarif de la location de la villa est compris entre 2500\u20ac et 8000\u20ac la semaine (services inclus).<\/p>\n\n\n\n<p>Location en direct propri\u00e9taire et \u00e9galement disponibles sur Airbnb.<\/p>\n\n\n\n<p>Demande de prix par email ou t\u00e9l\u00e9phone.<\/p>\n","protected":false},"excerpt":{"rendered":"<p>Le tarif de la location de la villa est compris entre 2500\u20ac et 8000\u20ac la semaine (services inclus). Location en direct propri\u00e9taire et \u00e9galement disponibles sur Airbnb. Demande de prix par email ou t\u00e9l\u00e9phone.<\/p>\n","protected":false},"author":1,"featured_media":0,"parent":0,"menu_order":0,"comment_status":"closed","ping_status":"closed","template":"","meta":[],"_links":{"self":[{"href":"https:\/\/villa-isula.com\/index.php\/wp-json\/wp\/v2\/pages\/26"}],"collection":[{"href":"https:\/\/villa-isula.com\/index.php\/wp-json\/wp\/v2\/pages"}],"about":[{"href":"https:\/\/villa-isula.com\/index.php\/wp-json\/wp\/v2\/types\/page"}],"author":[{"embeddable":true,"href":"https:\/\/villa-isula.com\/index.php\/wp-json\/wp\/v2\/users\/1"}],"replies":[{"embeddable":true,"href":"https:\/\/villa-isula.com\/index.php\/wp-json\/wp\/v2\/comments?post=26"}],"version-history":[{"count":12,"href":"https:\/\/villa-isula.com\/index.php\/wp-json\/wp\/v2\/pages\/26\/revisions"}],"predecessor-version":[{"id":218,"href":"https:\/\/villa-isula.com\/index.php\/wp-json\/wp\/v2\/pages\/26\/revisions\/218"}],"wp:attachment":[{"href":"https:\/\/villa-isula.com\/index.php\/wp-json\/wp\/v2\/media?parent=26"}],"curies":[{"name":"wp","href":"https:\/\/api.w.org\/{rel}","templated":true}]}}