{"id":27,"date":"2020-11-11T16:21:24","date_gmt":"2020-11-11T15:21:24","guid":{"rendered":"http:\/\/villa-isula.com\/?page_id=27"},"modified":"2025-08-31T18:25:14","modified_gmt":"2025-08-31T16:25:14","slug":"une-section-de-page-daccueil","status":"publish","type":"page","link":"https:\/\/villa-isula.com\/index.php\/une-section-de-page-daccueil\/","title":{"rendered":"Villa Isula, location \u00e0 proximit\u00e9 de Porto Vecchio"},"content":{"rendered":"\n<p>Cette villa b\u00e2tie en 2020 de 160 m\u00b2 se situe \u00e0 15 minutes de Porto Vecchio et \u00e0 5 min de Saint Cyprien (proximit\u00e9 mer et montagne).<\/p>\n\n\n\n<p>Proche des nombreuses belles plages (plages de Pinarello et Saint Cyprien \u00e0 5 minutes en voiture, plages de Tamaricciu et de Palombaggia \u00e0 25 minutes en voiture), elle offre 4 chambres double pouvant accueillir 8 personnes (id\u00e9al pour 2 \u00e0 4 couples d&#8217;adultes avec enfants par exemple), avec piscine, et prestations contemporaines, offrant une magnifique vue sur un jardin agr\u00e9ment\u00e9 d\u2019un boulodrome.<\/p>\n\n\n\n<p>Description villa :<\/p>\n\n\n\n<p>Entr\u00e9e et salon, cuisine, buanderie&nbsp;:<\/p>\n\n\n\n<ul><li>entr\u00e9e, d\u00e9gagement avec rangements et WC invit\u00e9<\/li><li>s\u00e9jour &amp; salon avec TV, cave \u00e0 vin encastr\u00e9e Liebherr, larges baies vitr\u00e9es \u00e0 galandage ouvrant sur une grande terrasse dominant le jardin et la piscine, \u00e9quip\u00e9e pour les repas<\/li><li>cuisine US avec bar, toute \u00e9quip\u00e9e <\/li><li>buanderie en sous sol \u00e9quip\u00e9e d\u2019un lave-linge, s\u00e8che-linge et d&#8217;un second r\u00e9frig\u00e9rateur<\/li><\/ul>\n\n\n\n<p>Aile droite&nbsp;:<\/p>\n\n\n\n<ul><li>2 chambres double avec placard, chaque chambre est \u00e9quip\u00e9e d\u2019une salle de douche, d&#8217;un dressing et d&#8217;un coffre-fort<\/li><li>1 WC<\/li><\/ul>\n\n\n\n<p>Aile gauche&nbsp;:<\/p>\n\n\n\n<ul><li>2 chambres double avec placard, chaque chambre est \u00e9quip\u00e9e d\u2019une salle de douche, d&#8217;un dressing et d&#8217;un coffre-fort<\/li><li>1 WC<\/li><\/ul>\n\n\n\n<p>Ext\u00e9rieur :<\/p>\n\n\n\n<ul><li>terrasse ombrag\u00e9e avec table \u00e0 manger et 10 chaises, salon de jardin, barbecue Weber<\/li><li>piscine chauff\u00e9e au sel s\u00e9curis\u00e9e par rideau \u00e9lectrique 10 m x 4m, terrasse bois avec bains de soleil et pergola<\/li><li>boulodrome ombrag\u00e9<\/li><\/ul>\n\n\n\n<p>Prestations :<\/p>\n\n\n\n<ul><li>t\u00e9l\u00e9vision dans s\u00e9jour<\/li><li>wifi ADSL<\/li><li>climatisation r\u00e9versible dans chaque pi\u00e8ce<\/li><li>coffres fort<\/li><li>volet \u00e9lectrique<\/li><\/ul>\n\n\n\n<div class=\"wp-block-group\"><div class=\"wp-block-group__inner-container\">\n<figure class=\"wp-block-gallery columns-3 is-cropped\"><ul class=\"blocks-gallery-grid\"><li class=\"blocks-gallery-item\"><figure><img loading=\"lazy\" width=\"1024\" height=\"768\" src=\"http:\/\/villa-isula.com\/wp-content\/uploads\/2020\/11\/IMG_0692-1024x768.jpg\" alt=\"\" data-id=\"75\" data-full-url=\"http:\/\/villa-isula.com\/wp-content\/uploads\/2020\/11\/IMG_0692-scaled.jpg\" data-link=\"http:\/\/villa-isula.com\/index.php\/une-section-de-page-daccueil\/img_0692\/\" class=\"wp-image-75\" srcset=\"https:\/\/villa-isula.com\/wp-content\/uploads\/2020\/11\/IMG_0692-1024x768.jpg 1024w, https:\/\/villa-isula.com\/wp-content\/uploads\/2020\/11\/IMG_0692-300x225.jpg 300w, https:\/\/villa-isula.com\/wp-content\/uploads\/2020\/11\/IMG_0692-768x576.jpg 768w, https:\/\/villa-isula.com\/wp-content\/uploads\/2020\/11\/IMG_0692-1536x1152.jpg 1536w, https:\/\/villa-isula.com\/wp-content\/uploads\/2020\/11\/IMG_0692-2048x1536.jpg 2048w\" sizes=\"(max-width: 706px) 89vw, (max-width: 767px) 82vw, 740px\" \/><\/figure><\/li><li class=\"blocks-gallery-item\"><figure><img loading=\"lazy\" width=\"1024\" height=\"768\" src=\"http:\/\/villa-isula.com\/wp-content\/uploads\/2020\/11\/IMG_0693-1024x768.jpg\" alt=\"\" data-id=\"77\" data-full-url=\"http:\/\/villa-isula.com\/wp-content\/uploads\/2020\/11\/IMG_0693-scaled.jpg\" data-link=\"http:\/\/villa-isula.com\/index.php\/une-section-de-page-daccueil\/img_0693\/\" class=\"wp-image-77\" srcset=\"https:\/\/villa-isula.com\/wp-content\/uploads\/2020\/11\/IMG_0693-1024x768.jpg 1024w, https:\/\/villa-isula.com\/wp-content\/uploads\/2020\/11\/IMG_0693-300x225.jpg 300w, https:\/\/villa-isula.com\/wp-content\/uploads\/2020\/11\/IMG_0693-768x576.jpg 768w, https:\/\/villa-isula.com\/wp-content\/uploads\/2020\/11\/IMG_0693-1536x1152.jpg 1536w, https:\/\/villa-isula.com\/wp-content\/uploads\/2020\/11\/IMG_0693-2048x1536.jpg 2048w\" sizes=\"(max-width: 706px) 89vw, (max-width: 767px) 82vw, 740px\" \/><\/figure><\/li><li class=\"blocks-gallery-item\"><figure><img loading=\"lazy\" width=\"768\" height=\"1024\" src=\"http:\/\/villa-isula.com\/wp-content\/uploads\/2020\/11\/IMG_0694-768x1024.jpg\" alt=\"\" data-id=\"78\" data-full-url=\"http:\/\/villa-isula.com\/wp-content\/uploads\/2020\/11\/IMG_0694-scaled.jpg\" data-link=\"http:\/\/villa-isula.com\/index.php\/une-section-de-page-daccueil\/img_0694\/\" class=\"wp-image-78\" srcset=\"https:\/\/villa-isula.com\/wp-content\/uploads\/2020\/11\/IMG_0694-768x1024.jpg 768w, https:\/\/villa-isula.com\/wp-content\/uploads\/2020\/11\/IMG_0694-225x300.jpg 225w, https:\/\/villa-isula.com\/wp-content\/uploads\/2020\/11\/IMG_0694-1152x1536.jpg 1152w, https:\/\/villa-isula.com\/wp-content\/uploads\/2020\/11\/IMG_0694-1536x2048.jpg 1536w, https:\/\/villa-isula.com\/wp-content\/uploads\/2020\/11\/IMG_0694-scaled.jpg 1920w\" sizes=\"(max-width: 706px) 89vw, (max-width: 767px) 82vw, 740px\" \/><\/figure><\/li><li class=\"blocks-gallery-item\"><figure><img loading=\"lazy\" width=\"768\" height=\"1024\" src=\"http:\/\/villa-isula.com\/wp-content\/uploads\/2020\/11\/IMG_0695-768x1024.jpg\" alt=\"\" data-id=\"79\" data-full-url=\"http:\/\/villa-isula.com\/wp-content\/uploads\/2020\/11\/IMG_0695-scaled.jpg\" data-link=\"http:\/\/villa-isula.com\/index.php\/une-section-de-page-daccueil\/img_0695\/\" class=\"wp-image-79\" srcset=\"https:\/\/villa-isula.com\/wp-content\/uploads\/2020\/11\/IMG_0695-768x1024.jpg 768w, https:\/\/villa-isula.com\/wp-content\/uploads\/2020\/11\/IMG_0695-225x300.jpg 225w, https:\/\/villa-isula.com\/wp-content\/uploads\/2020\/11\/IMG_0695-1152x1536.jpg 1152w, https:\/\/villa-isula.com\/wp-content\/uploads\/2020\/11\/IMG_0695-1536x2048.jpg 1536w, https:\/\/villa-isula.com\/wp-content\/uploads\/2020\/11\/IMG_0695-scaled.jpg 1920w\" sizes=\"(max-width: 706px) 89vw, (max-width: 767px) 82vw, 740px\" \/><\/figure><\/li><li class=\"blocks-gallery-item\"><figure><img loading=\"lazy\" width=\"1024\" height=\"768\" src=\"http:\/\/villa-isula.com\/wp-content\/uploads\/2020\/11\/IMG_0685-1024x768.jpg\" alt=\"\" data-id=\"81\" data-full-url=\"http:\/\/villa-isula.com\/wp-content\/uploads\/2020\/11\/IMG_0685-scaled.jpg\" data-link=\"http:\/\/villa-isula.com\/index.php\/une-section-de-page-daccueil\/img_0685\/\" class=\"wp-image-81\" srcset=\"https:\/\/villa-isula.com\/wp-content\/uploads\/2020\/11\/IMG_0685-1024x768.jpg 1024w, https:\/\/villa-isula.com\/wp-content\/uploads\/2020\/11\/IMG_0685-300x225.jpg 300w, https:\/\/villa-isula.com\/wp-content\/uploads\/2020\/11\/IMG_0685-768x576.jpg 768w, https:\/\/villa-isula.com\/wp-content\/uploads\/2020\/11\/IMG_0685-1536x1152.jpg 1536w, https:\/\/villa-isula.com\/wp-content\/uploads\/2020\/11\/IMG_0685-2048x1536.jpg 2048w\" sizes=\"(max-width: 706px) 89vw, (max-width: 767px) 82vw, 740px\" \/><\/figure><\/li><li class=\"blocks-gallery-item\"><figure><img loading=\"lazy\" width=\"768\" height=\"1024\" src=\"http:\/\/villa-isula.com\/wp-content\/uploads\/2020\/11\/IMG_0686-768x1024.jpg\" alt=\"\" data-id=\"82\" data-full-url=\"http:\/\/villa-isula.com\/wp-content\/uploads\/2020\/11\/IMG_0686-scaled.jpg\" data-link=\"http:\/\/villa-isula.com\/index.php\/une-section-de-page-daccueil\/img_0686\/\" class=\"wp-image-82\" srcset=\"https:\/\/villa-isula.com\/wp-content\/uploads\/2020\/11\/IMG_0686-768x1024.jpg 768w, https:\/\/villa-isula.com\/wp-content\/uploads\/2020\/11\/IMG_0686-225x300.jpg 225w, https:\/\/villa-isula.com\/wp-content\/uploads\/2020\/11\/IMG_0686-1152x1536.jpg 1152w, https:\/\/villa-isula.com\/wp-content\/uploads\/2020\/11\/IMG_0686-1536x2048.jpg 1536w, https:\/\/villa-isula.com\/wp-content\/uploads\/2020\/11\/IMG_0686-scaled.jpg 1920w\" sizes=\"(max-width: 706px) 89vw, (max-width: 767px) 82vw, 740px\" \/><\/figure><\/li><\/ul><\/figure>\n<\/div><\/div>\n\n\n\n<figure class=\"wp-block-gallery columns-2 is-cropped\"><ul class=\"blocks-gallery-grid\"><li class=\"blocks-gallery-item\"><figure><img loading=\"lazy\" width=\"1024\" height=\"768\" src=\"http:\/\/villa-isula.com\/wp-content\/uploads\/2020\/11\/IMG_2744-1024x768.jpeg\" alt=\"\" data-id=\"119\" data-link=\"http:\/\/villa-isula.com\/index.php\/une-section-de-page-daccueil\/img_2744\/\" class=\"wp-image-119\" srcset=\"https:\/\/villa-isula.com\/wp-content\/uploads\/2020\/11\/IMG_2744-1024x768.jpeg 1024w, https:\/\/villa-isula.com\/wp-content\/uploads\/2020\/11\/IMG_2744-300x225.jpeg 300w, https:\/\/villa-isula.com\/wp-content\/uploads\/2020\/11\/IMG_2744-768x576.jpeg 768w, https:\/\/villa-isula.com\/wp-content\/uploads\/2020\/11\/IMG_2744-1536x1152.jpeg 1536w, https:\/\/villa-isula.com\/wp-content\/uploads\/2020\/11\/IMG_2744.jpeg 2048w\" sizes=\"(max-width: 706px) 89vw, (max-width: 767px) 82vw, 740px\" \/><\/figure><\/li><li class=\"blocks-gallery-item\"><figure><img loading=\"lazy\" width=\"1024\" height=\"768\" src=\"http:\/\/villa-isula.com\/wp-content\/uploads\/2020\/11\/IMG_2882-1024x768.jpeg\" alt=\"\" data-id=\"121\" data-link=\"http:\/\/villa-isula.com\/index.php\/une-section-de-page-daccueil\/img_2882\/\" class=\"wp-image-121\" srcset=\"https:\/\/villa-isula.com\/wp-content\/uploads\/2020\/11\/IMG_2882-1024x768.jpeg 1024w, https:\/\/villa-isula.com\/wp-content\/uploads\/2020\/11\/IMG_2882-300x225.jpeg 300w, https:\/\/villa-isula.com\/wp-content\/uploads\/2020\/11\/IMG_2882-768x576.jpeg 768w, https:\/\/villa-isula.com\/wp-content\/uploads\/2020\/11\/IMG_2882-1536x1152.jpeg 1536w, https:\/\/villa-isula.com\/wp-content\/uploads\/2020\/11\/IMG_2882.jpeg 2048w\" sizes=\"(max-width: 706px) 89vw, (max-width: 767px) 82vw, 740px\" \/><\/figure><\/li><\/ul><\/figure>\n\n\n\n<figure class=\"wp-block-image size-large\"><img loading=\"lazy\" width=\"1024\" height=\"768\" src=\"https:\/\/villa-isula.com\/wp-content\/uploads\/2022\/07\/Corse-11-1024x768.jpg\" alt=\"\" class=\"wp-image-175\" srcset=\"https:\/\/villa-isula.com\/wp-content\/uploads\/2022\/07\/Corse-11-1024x768.jpg 1024w, https:\/\/villa-isula.com\/wp-content\/uploads\/2022\/07\/Corse-11-300x225.jpg 300w, https:\/\/villa-isula.com\/wp-content\/uploads\/2022\/07\/Corse-11-768x576.jpg 768w, https:\/\/villa-isula.com\/wp-content\/uploads\/2022\/07\/Corse-11.jpg 1280w\" sizes=\"(max-width: 706px) 89vw, (max-width: 767px) 82vw, 740px\" \/><\/figure>\n\n\n\n<figure class=\"wp-block-image size-large\"><img loading=\"lazy\" width=\"1024\" height=\"768\" src=\"https:\/\/villa-isula.com\/wp-content\/uploads\/2022\/07\/Corse-13-1024x768.jpg\" alt=\"\" class=\"wp-image-189\" srcset=\"https:\/\/villa-isula.com\/wp-content\/uploads\/2022\/07\/Corse-13-1024x768.jpg 1024w, https:\/\/villa-isula.com\/wp-content\/uploads\/2022\/07\/Corse-13-300x225.jpg 300w, https:\/\/villa-isula.com\/wp-content\/uploads\/2022\/07\/Corse-13-768x576.jpg 768w, https:\/\/villa-isula.com\/wp-content\/uploads\/2022\/07\/Corse-13-1536x1152.jpg 1536w, https:\/\/villa-isula.com\/wp-content\/uploads\/2022\/07\/Corse-13-2048x1536.jpg 2048w\" sizes=\"(max-width: 706px) 89vw, (max-width: 767px) 82vw, 740px\" \/><\/figure>\n\n\n\n<figure class=\"wp-block-image size-large\"><img loading=\"lazy\" width=\"1024\" height=\"768\" src=\"https:\/\/villa-isula.com\/wp-content\/uploads\/2022\/07\/Corse-14-1024x768.jpg\" alt=\"\" class=\"wp-image-190\" srcset=\"https:\/\/villa-isula.com\/wp-content\/uploads\/2022\/07\/Corse-14-1024x768.jpg 1024w, https:\/\/villa-isula.com\/wp-content\/uploads\/2022\/07\/Corse-14-300x225.jpg 300w, https:\/\/villa-isula.com\/wp-content\/uploads\/2022\/07\/Corse-14-768x576.jpg 768w, https:\/\/villa-isula.com\/wp-content\/uploads\/2022\/07\/Corse-14-1536x1152.jpg 1536w, https:\/\/villa-isula.com\/wp-content\/uploads\/2022\/07\/Corse-14-2048x1536.jpg 2048w\" sizes=\"(max-width: 706px) 89vw, (max-width: 767px) 82vw, 740px\" \/><\/figure>\n\n\n\n<figure class=\"wp-block-gallery columns-0 is-cropped\"><ul class=\"blocks-gallery-grid\"><\/ul><\/figure>\n","protected":false},"excerpt":{"rendered":"<p>Cette villa b\u00e2tie en 2020 de 160 m\u00b2 se situe \u00e0 15 minutes de Porto Vecchio et \u00e0 5 min de Saint Cyprien (proximit\u00e9 mer et montagne). Proche des nombreuses belles plages (plages de Pinarello et Saint Cyprien \u00e0 5 minutes en voiture, plages de Tamaricciu et de Palombaggia \u00e0 25 minutes en voiture), elle &hellip; <\/p>\n<p class=\"link-more\"><a href=\"https:\/\/villa-isula.com\/index.php\/une-section-de-page-daccueil\/\" class=\"more-link\">Continue reading<span class=\"screen-reader-text\"> &#8220;Villa Isula, location \u00e0 proximit\u00e9 de Porto Vecchio&#8221;<\/span><\/a><\/p>\n","protected":false},"author":1,"featured_media":0,"parent":0,"menu_order":0,"comment_status":"closed","ping_status":"closed","template":"","meta":[],"_links":{"self":[{"href":"https:\/\/villa-isula.com\/index.php\/wp-json\/wp\/v2\/pages\/27"}],"collection":[{"href":"https:\/\/villa-isula.com\/index.php\/wp-json\/wp\/v2\/pages"}],"about":[{"href":"https:\/\/villa-isula.com\/index.php\/wp-json\/wp\/v2\/types\/page"}],"author":[{"embeddable":true,"href":"https:\/\/villa-isula.com\/index.php\/wp-json\/wp\/v2\/users\/1"}],"replies":[{"embeddable":true,"href":"https:\/\/villa-isula.com\/index.php\/wp-json\/wp\/v2\/comments?post=27"}],"version-history":[{"count":30,"href":"https:\/\/villa-isula.com\/index.php\/wp-json\/wp\/v2\/pages\/27\/revisions"}],"predecessor-version":[{"id":257,"href":"https:\/\/villa-isula.com\/index.php\/wp-json\/wp\/v2\/pages\/27\/revisions\/257"}],"wp:attachment":[{"href":"https:\/\/villa-isula.com\/index.php\/wp-json\/wp\/v2\/media?parent=27"}],"curies":[{"name":"wp","href":"https:\/\/api.w.org\/{rel}","templated":true}]}}